{"id":1279,"date":"2017-02-27T15:52:20","date_gmt":"2017-02-27T14:52:20","guid":{"rendered":"http:\/\/creamodalogistics.be\/home\/"},"modified":"2022-09-28T12:29:32","modified_gmt":"2022-09-28T10:29:32","slug":"home","status":"publish","type":"page","link":"https:\/\/creamodalogistics.be\/fr\/","title":{"rendered":"Home"},"content":{"rendered":"<p>BIENVENUE CHEZ CREAMODA LOGISTICS. LOGISTIQUE COLLECTIVE POUR LE SECTEUR DE LA MODE<\/p>\n","protected":false},"excerpt":{"rendered":"<p>BIENVENUE CHEZ CREAMODA LOGISTICS. LOGISTIQUE COLLECTIVE POUR LE SECTEUR DE LA MODE<\/p>\n","protected":false},"author":1,"featured_media":1309,"parent":0,"menu_order":0,"comment_status":"closed","ping_status":"closed","template":"page-home.php","meta":[],"acf":[],"yoast_head":"<!-- This site is optimized with the Yoast SEO plugin v21.1 - https:\/\/yoast.com\/wordpress\/plugins\/seo\/ -->\n<title>Home - Creamoda Logistics<\/title>\n<meta name=\"description\" content=\"Creamoda Logistics a \u00e9t\u00e9 fond\u00e9e avec son partenaire Greenway Logistics et fait partie de l\u2019ensemble des avantages aux affili\u00e9s disponibles pour tous les membres de Creamoda. Creamoda Logistics offre des services logistiques et des accords logistiques avantageux aux membres de Creamoda.\" \/>\n<meta name=\"robots\" content=\"index, follow, max-snippet:-1, max-image-preview:large, max-video-preview:-1\" \/>\n<link rel=\"canonical\" href=\"https:\/\/creamodalogistics.be\/fr\/\" \/>\n<meta property=\"og:locale\" content=\"fr_FR\" \/>\n<meta property=\"og:type\" content=\"article\" \/>\n<meta property=\"og:title\" content=\"Home - Creamoda Logistics\" \/>\n<meta property=\"og:description\" content=\"Creamoda Logistics a \u00e9t\u00e9 fond\u00e9e avec son partenaire Greenway Logistics et fait partie de l\u2019ensemble des avantages aux affili\u00e9s disponibles pour tous les membres de Creamoda. Creamoda Logistics offre des services logistiques et des accords logistiques avantageux aux membres de Creamoda.\" \/>\n<meta property=\"og:url\" content=\"https:\/\/creamodalogistics.be\/fr\/\" \/>\n<meta property=\"og:site_name\" content=\"Creamoda\" \/>\n<meta property=\"article:modified_time\" content=\"2022-09-28T10:29:32+00:00\" \/>\n<meta property=\"og:image\" content=\"https:\/\/creamodalogistics.be\/wp-content\/uploads\/2022\/09\/creamoda-logistics.jpg\" \/>\n\t<meta property=\"og:image:width\" content=\"1920\" \/>\n\t<meta property=\"og:image:height\" content=\"500\" \/>\n\t<meta property=\"og:image:type\" content=\"image\/jpeg\" \/>\n<meta name=\"twitter:card\" content=\"summary_large_image\" \/>\n<meta name=\"twitter:label1\" content=\"Dur\u00e9e de lecture estim\u00e9e\" \/>\n\t<meta name=\"twitter:data1\" content=\"1 minute\" \/>\n<!-- \/ Yoast SEO plugin. -->","yoast_head_json":{"title":"Home - Creamoda Logistics","description":"Creamoda Logistics a \u00e9t\u00e9 fond\u00e9e avec son partenaire Greenway Logistics et fait partie de l\u2019ensemble des avantages aux affili\u00e9s disponibles pour tous les membres de Creamoda. Creamoda Logistics offre des services logistiques et des accords logistiques avantageux aux membres de Creamoda.","robots":{"index":"index","follow":"follow","max-snippet":"max-snippet:-1","max-image-preview":"max-image-preview:large","max-video-preview":"max-video-preview:-1"},"canonical":"https:\/\/creamodalogistics.be\/fr\/","og_locale":"fr_FR","og_type":"article","og_title":"Home - Creamoda Logistics","og_description":"Creamoda Logistics a \u00e9t\u00e9 fond\u00e9e avec son partenaire Greenway Logistics et fait partie de l\u2019ensemble des avantages aux affili\u00e9s disponibles pour tous les membres de Creamoda. Creamoda Logistics offre des services logistiques et des accords logistiques avantageux aux membres de Creamoda.","og_url":"https:\/\/creamodalogistics.be\/fr\/","og_site_name":"Creamoda","article_modified_time":"2022-09-28T10:29:32+00:00","og_image":[{"width":1920,"height":500,"url":"https:\/\/creamodalogistics.be\/wp-content\/uploads\/2022\/09\/creamoda-logistics.jpg","type":"image\/jpeg"}],"twitter_card":"summary_large_image","twitter_misc":{"Dur\u00e9e de lecture estim\u00e9e":"1 minute"},"schema":{"@context":"https:\/\/schema.org","@graph":[{"@type":"WebPage","@id":"https:\/\/creamodalogistics.be\/fr\/","url":"https:\/\/creamodalogistics.be\/fr\/","name":"Home - Creamoda Logistics","isPartOf":{"@id":"https:\/\/creamodalogistics.be\/fr\/#website"},"datePublished":"2017-02-27T14:52:20+00:00","dateModified":"2022-09-28T10:29:32+00:00","description":"Creamoda Logistics a \u00e9t\u00e9 fond\u00e9e avec son partenaire Greenway Logistics et fait partie de l\u2019ensemble des avantages aux affili\u00e9s disponibles pour tous les membres de Creamoda. Creamoda Logistics offre des services logistiques et des accords logistiques avantageux aux membres de Creamoda.","breadcrumb":{"@id":"https:\/\/creamodalogistics.be\/fr\/#breadcrumb"},"inLanguage":"fr-FR","potentialAction":[{"@type":"ReadAction","target":["https:\/\/creamodalogistics.be\/fr\/"]}]},{"@type":"BreadcrumbList","@id":"https:\/\/creamodalogistics.be\/fr\/#breadcrumb","itemListElement":[{"@type":"ListItem","position":1,"name":"Home","item":"https:\/\/creamodalogistics.be\/fr\/"},{"@type":"ListItem","position":2,"name":"Home"}]},{"@type":"WebSite","@id":"https:\/\/creamodalogistics.be\/fr\/#website","url":"https:\/\/creamodalogistics.be\/fr\/","name":"Creamoda","description":"","potentialAction":[{"@type":"SearchAction","target":{"@type":"EntryPoint","urlTemplate":"https:\/\/creamodalogistics.be\/fr\/?s={search_term_string}"},"query-input":"required name=search_term_string"}],"inLanguage":"fr-FR"}]}},"_links":{"self":[{"href":"https:\/\/creamodalogistics.be\/fr\/wp-json\/wp\/v2\/pages\/1279"}],"collection":[{"href":"https:\/\/creamodalogistics.be\/fr\/wp-json\/wp\/v2\/pages"}],"about":[{"href":"https:\/\/creamodalogistics.be\/fr\/wp-json\/wp\/v2\/types\/page"}],"author":[{"embeddable":true,"href":"https:\/\/creamodalogistics.be\/fr\/wp-json\/wp\/v2\/users\/1"}],"replies":[{"embeddable":true,"href":"https:\/\/creamodalogistics.be\/fr\/wp-json\/wp\/v2\/comments?post=1279"}],"version-history":[{"count":7,"href":"https:\/\/creamodalogistics.be\/fr\/wp-json\/wp\/v2\/pages\/1279\/revisions"}],"predecessor-version":[{"id":1342,"href":"https:\/\/creamodalogistics.be\/fr\/wp-json\/wp\/v2\/pages\/1279\/revisions\/1342"}],"wp:featuredmedia":[{"embeddable":true,"href":"https:\/\/creamodalogistics.be\/fr\/wp-json\/wp\/v2\/media\/1309"}],"wp:attachment":[{"href":"https:\/\/creamodalogistics.be\/fr\/wp-json\/wp\/v2\/media?parent=1279"}],"curies":[{"name":"wp","href":"https:\/\/api.w.org\/{rel}","templated":true}]}}