{"id":1314,"date":"2017-02-28T17:15:35","date_gmt":"2017-02-28T16:15:35","guid":{"rendered":"http:\/\/creamodalogistics.be\/?page_id=1314"},"modified":"2025-09-02T13:32:17","modified_gmt":"2025-09-02T11:32:17","slug":"forfaits-et-services","status":"publish","type":"page","link":"https:\/\/creamodalogistics.be\/fr\/forfaits-et-services\/","title":{"rendered":"FORFAITS ET SERVICES"},"content":{"rendered":"<p><strong>Forfaits<\/strong><\/p>\n<ul>\n<li><strong>Transport express international<\/strong><br \/>\nEnvoi mondial de colis et de documents<\/li>\n<li><strong>Distribution de colis<\/strong><br \/>\nTant en Belgique qu\u2019\u00e0 l\u2019\u00e9tranger. Vers des adresses professionnelles et priv\u00e9es<\/li>\n<li><strong>Distribution de palettes<\/strong><br \/>\nGroupage et chargement complet du camion (full truck load = FTL)<\/li>\n<li><strong>Fret maritime<\/strong><br \/>\nConteneurs \u00e0 charge partielle (LCL) et pleine (FCL)<\/li>\n<li><strong>Fret a\u00e9rien<\/strong><br \/>\nAd hoc et structurel<\/li>\n<li><strong>Externalisation de la logistique<\/strong><br \/>\nGestion des flux entrants, stockage, pr\u00e9paration de commandes, sortants, services \u00e0 valeur ajout\u00e9e, tant pour les activit\u00e9s de gros que pour les activit\u00e9s en ligne<\/li>\n<li><strong data-start=\"37\" data-end=\"51\">Emballages<\/strong><br data-start=\"51\" data-end=\"54\" \/>Une gamme vari\u00e9e de solutions d\u2019emballage de haute qualit\u00e9, durables et innovantes, allant des emballages standards aux solutions sur mesure avec logo personnalis\u00e9.<\/li>\n<\/ul>\n<p><strong>Services <\/strong><\/p>\n<ul>\n<li>Conseil logistique au sens g\u00e9n\u00e9ral, bas\u00e9 sur notre propre expertise et r\u00e9seau. Soutien \u00e0 la conception des processus et \u00e0 la mise en place d\u2019une logistique et d\u2019un transport efficaces<\/li>\n<li>D\u00e9velopper des concepts logistiques dans le domaine de la durabilit\u00e9 et de l\u2019innovation, tels que <u><a href=\"http:\/\/www.co2improve.com\">CO\u2082 Improve<\/a><br \/>\n<\/u><\/li>\n<li>Technologie de l\u2019information li\u00e9e \u00e0 la logistique et expansion possible pour l\u2019ensemble des op\u00e9rations commerciales, ax\u00e9es sur le d\u00e9veloppement omnicanal dans l\u2019industrie de la mode, avec le client au centre<\/li>\n<li>Contr\u00f4le de la qualit\u00e9 et audits. Inspections de qualit\u00e9, tests de laboratoire, audits sociaux et environnementaux pour l\u2019industrie de la mode; de l\u2019Europe \u00e0 l\u2019Afrique et \u00e0 l\u2019Extr\u00eame-Orient<\/li>\n<li>Accompagner les entreprises \u00e0 p\u00e9n\u00e9trer les march\u00e9s ext\u00e9rieurs. Le d\u00e9veloppement des march\u00e9s internationaux peut n\u00e9cessiter une infrastructure logistique \u00e0 l\u2019\u00e9tranger<\/li>\n<li>Comptoir de fret Creamoda. Un point de contact unique pour toutes vos questions de transport o\u00f9 des solutions de base ad hoc sont n\u00e9cessaires \u00e0 un bon prix du march\u00e9.<\/li>\n<\/ul>\n<p>Les arrangements et services ci-dessus ne sont pas exhaustifs. Nous organisons \u00e9galement des solutions personnalis\u00e9es sur demande si votre situation logistique personnelle l\u2019exige. <u>Veuillez nous contacter.<\/u><\/p>\n","protected":false},"excerpt":{"rendered":"<p>Forfaits Transport express international Envoi mondial de colis et de documents Distribution de colis Tant en Belgique qu\u2019\u00e0 l\u2019\u00e9tranger. Vers des adresses professionnelles et priv\u00e9es Distribution de palettes Groupage et chargement complet du camion (full truck load = FTL) Fret maritime Conteneurs \u00e0 charge partielle (LCL) et pleine (FCL) Fret a\u00e9rien Ad hoc et structurel [&hellip;]<\/p>\n","protected":false},"author":4,"featured_media":0,"parent":0,"menu_order":0,"comment_status":"closed","ping_status":"closed","template":"","meta":[],"acf":[],"yoast_head":"<!-- This site is optimized with the Yoast SEO plugin v21.1 - https:\/\/yoast.com\/wordpress\/plugins\/seo\/ -->\n<title>FORFAITS ET SERVICES - Creamoda<\/title>\n<meta name=\"description\" content=\"Les arrangements et services ci-dessus ne sont pas exhaustifs. Nous organisons \u00e9galement des solutions personnalis\u00e9es sur demande si votre situation logistique personnelle l\u2019exige. Veuillez nous contacter. \u00a0\" \/>\n<meta name=\"robots\" content=\"index, follow, max-snippet:-1, max-image-preview:large, max-video-preview:-1\" \/>\n<link rel=\"canonical\" href=\"https:\/\/creamodalogistics.be\/fr\/forfaits-et-services\/\" \/>\n<meta property=\"og:locale\" content=\"fr_FR\" \/>\n<meta property=\"og:type\" content=\"article\" \/>\n<meta property=\"og:title\" content=\"FORFAITS ET SERVICES - Creamoda\" \/>\n<meta property=\"og:description\" content=\"Les arrangements et services ci-dessus ne sont pas exhaustifs. Nous organisons \u00e9galement des solutions personnalis\u00e9es sur demande si votre situation logistique personnelle l\u2019exige. Veuillez nous contacter. \u00a0\" \/>\n<meta property=\"og:url\" content=\"https:\/\/creamodalogistics.be\/fr\/forfaits-et-services\/\" \/>\n<meta property=\"og:site_name\" content=\"Creamoda\" \/>\n<meta property=\"article:modified_time\" content=\"2025-09-02T11:32:17+00:00\" \/>\n<meta name=\"twitter:card\" content=\"summary_large_image\" \/>\n<meta name=\"twitter:label1\" content=\"Dur\u00e9e de lecture estim\u00e9e\" \/>\n\t<meta name=\"twitter:data1\" content=\"2 minutes\" \/>\n<!-- \/ Yoast SEO plugin. -->","yoast_head_json":{"title":"FORFAITS ET SERVICES - Creamoda","description":"Les arrangements et services ci-dessus ne sont pas exhaustifs. Nous organisons \u00e9galement des solutions personnalis\u00e9es sur demande si votre situation logistique personnelle l\u2019exige. Veuillez nous contacter. \u00a0","robots":{"index":"index","follow":"follow","max-snippet":"max-snippet:-1","max-image-preview":"max-image-preview:large","max-video-preview":"max-video-preview:-1"},"canonical":"https:\/\/creamodalogistics.be\/fr\/forfaits-et-services\/","og_locale":"fr_FR","og_type":"article","og_title":"FORFAITS ET SERVICES - Creamoda","og_description":"Les arrangements et services ci-dessus ne sont pas exhaustifs. Nous organisons \u00e9galement des solutions personnalis\u00e9es sur demande si votre situation logistique personnelle l\u2019exige. Veuillez nous contacter. \u00a0","og_url":"https:\/\/creamodalogistics.be\/fr\/forfaits-et-services\/","og_site_name":"Creamoda","article_modified_time":"2025-09-02T11:32:17+00:00","twitter_card":"summary_large_image","twitter_misc":{"Dur\u00e9e de lecture estim\u00e9e":"2 minutes"},"schema":{"@context":"https:\/\/schema.org","@graph":[{"@type":"WebPage","@id":"https:\/\/creamodalogistics.be\/fr\/forfaits-et-services\/","url":"https:\/\/creamodalogistics.be\/fr\/forfaits-et-services\/","name":"FORFAITS ET SERVICES - Creamoda","isPartOf":{"@id":"https:\/\/creamodalogistics.be\/fr\/#website"},"datePublished":"2017-02-28T16:15:35+00:00","dateModified":"2025-09-02T11:32:17+00:00","description":"Les arrangements et services ci-dessus ne sont pas exhaustifs. Nous organisons \u00e9galement des solutions personnalis\u00e9es sur demande si votre situation logistique personnelle l\u2019exige. Veuillez nous contacter. \u00a0","breadcrumb":{"@id":"https:\/\/creamodalogistics.be\/fr\/forfaits-et-services\/#breadcrumb"},"inLanguage":"fr-FR","potentialAction":[{"@type":"ReadAction","target":["https:\/\/creamodalogistics.be\/fr\/forfaits-et-services\/"]}]},{"@type":"BreadcrumbList","@id":"https:\/\/creamodalogistics.be\/fr\/forfaits-et-services\/#breadcrumb","itemListElement":[{"@type":"ListItem","position":1,"name":"Home","item":"https:\/\/creamodalogistics.be\/fr\/"},{"@type":"ListItem","position":2,"name":"FORFAITS ET SERVICES"}]},{"@type":"WebSite","@id":"https:\/\/creamodalogistics.be\/fr\/#website","url":"https:\/\/creamodalogistics.be\/fr\/","name":"Creamoda","description":"","potentialAction":[{"@type":"SearchAction","target":{"@type":"EntryPoint","urlTemplate":"https:\/\/creamodalogistics.be\/fr\/?s={search_term_string}"},"query-input":"required name=search_term_string"}],"inLanguage":"fr-FR"}]}},"_links":{"self":[{"href":"https:\/\/creamodalogistics.be\/fr\/wp-json\/wp\/v2\/pages\/1314"}],"collection":[{"href":"https:\/\/creamodalogistics.be\/fr\/wp-json\/wp\/v2\/pages"}],"about":[{"href":"https:\/\/creamodalogistics.be\/fr\/wp-json\/wp\/v2\/types\/page"}],"author":[{"embeddable":true,"href":"https:\/\/creamodalogistics.be\/fr\/wp-json\/wp\/v2\/users\/4"}],"replies":[{"embeddable":true,"href":"https:\/\/creamodalogistics.be\/fr\/wp-json\/wp\/v2\/comments?post=1314"}],"version-history":[{"count":2,"href":"https:\/\/creamodalogistics.be\/fr\/wp-json\/wp\/v2\/pages\/1314\/revisions"}],"predecessor-version":[{"id":1850,"href":"https:\/\/creamodalogistics.be\/fr\/wp-json\/wp\/v2\/pages\/1314\/revisions\/1850"}],"wp:attachment":[{"href":"https:\/\/creamodalogistics.be\/fr\/wp-json\/wp\/v2\/media?parent=1314"}],"curies":[{"name":"wp","href":"https:\/\/api.w.org\/{rel}","templated":true}]}}