{"id":1317,"date":"2017-02-28T17:14:13","date_gmt":"2017-02-28T16:14:13","guid":{"rendered":"http:\/\/creamodalogistics.be\/?page_id=1317"},"modified":"2026-01-27T16:26:07","modified_gmt":"2026-01-27T15:26:07","slug":"qui-sommes-nous","status":"publish","type":"page","link":"https:\/\/creamodalogistics.be\/fr\/qui-sommes-nous\/","title":{"rendered":"QUI SOMMES-NOUS"},"content":{"rendered":"<p>Creamoda Logistics a \u00e9t\u00e9 fond\u00e9e avec son partenaire <a href=\"http:\/\/www.greenway-logistics.com\">Greenway Logistics<\/a> et fait partie de l\u2019ensemble des avantages aux affili\u00e9s disponibles pour tous les membres de Creamoda. Creamoda Logistics offre des services logistiques et des accords logistiques avantageux aux membres de Creamoda. La coop\u00e9ration est la cl\u00e9 pour r\u00e9duire les co\u00fbts. Toutes les initiatives de Creamoda Logistics visent \u00e0 \u00e9liminer les co\u00fbts de la cha\u00eene.<\/p>\n<h2><strong>Collaboration avec l\u2019industrie<\/strong><\/h2>\n<p>La logistique est un \u00e9l\u00e9ment de co\u00fbt majeur pour les fournisseurs. En particulier, les co\u00fbts de transport augmentent depuis des ann\u00e9es. Les co\u00fbts logistiques sont largement influenc\u00e9s par les volumes. Surtout pour le transport, plus vous regroupez, moins cela co\u00fbte. Dans le monde fragment\u00e9 de la logistique, il y a beaucoup \u00e0 gagner pour les membres de Creamoda et ses clients. Et il ne s\u2019agit pas seulement de l\u2019avantage financier, mais une logistique durable est \u00e9galement r\u00e9alis\u00e9e.<\/p>\n<h2><strong>Logistique verte <\/strong><\/h2>\n<p>La responsabilit\u00e9 sociale des entreprises est un \u00e9l\u00e9ment indispensable dans notre monde. Dans le transport, cela implique souvent une logistique verte. Cela signifie : ax\u00e9e vers l\u2019\u00e9conomie des kilom\u00e8tres, du carburant et une r\u00e9duction des gaz d\u2019\u00e9chappement, de particules et de CO\u00b2. Dans de nombreux pays, le facteur de charge moyen des camions n\u2019est que de 50%. En livrant plus avec le m\u00eame camion sur le m\u00eame trajet, les trajets inutiles deviennent superflus et cela emp\u00eache les encombrements dans les centres-villes.<\/p>\n<p>Le programme <a href=\"http:\/\/www.co2improve.com\">CO\u2082 Improve<\/a> de Creamoda Logistics aide les entreprises des secteurs mondiaux de la mode, du sport et du style de vie \u00e0 avoir une meilleure id\u00e9e de leur empreinte CO\u2082 et les soutient \u00e0 r\u00e9duire les \u00e9missions de CO\u2082 provenant des activit\u00e9s logistiques.\u00a0 CO\u2082 Improve fournit une surveillance de haute qualit\u00e9, certifi\u00e9e \u00e0 l\u2019\u00e9chelle mondiale qui r\u00e9pond aux normes futures.<\/p>\n<h2><strong>Durabilit\u00e9 et innovation<\/strong><\/h2>\n<p>De nouveaux services sont d\u00e9velopp\u00e9s \u00e0 partir de la liste de souhaits de l\u2019industrie. Des projets tels que \u201cRegroupement \u00e0 la source\u201d et \u201cHarmonisation des d\u00e9lais de livraison\u201d sont des exemples d\u2019innovations r\u00e9ussies. En outre, des concepts tels que l\u2019externalisation compl\u00e8te et les services de transport combin\u00e9 entre certains pays font partie de cette liste. Ces innovations conduisent \u00e0 des \u00e9conomies de co\u00fbts et \u00e0 une logistique verte et sont donc doublement int\u00e9ressantes.<\/p>\n<h2>De la mati\u00e8re premi\u00e8re au consommateur<\/h2>\n<p>En surveillant soigneusement la logique entre les liens, il est possible de trouver le chemin le plus court qu\u2019un produit doit parcourir jusqu\u2019\u00e0 l\u2019utilisateur final : le consommateur. En outre, Creamoda Logistics travaille avec des fournisseurs qui peuvent servir la totalit\u00e9 de la cha\u00eene. Une approche int\u00e9gr\u00e9e de la cha\u00eene entra\u00eene des co\u00fbts les plus bas et l\u2019am\u00e9lioration de la qualit\u00e9 dans les entreprises.<\/p>\n<p>Concr\u00e8tement, vos \u00e9conomies de co\u00fbts logistiques et l\u2019am\u00e9lioration de vos services commencent par une conversation avec Creamoda Logistics. Contactez les par t\u00e9l\u00e9phone: <a href=\"tel:+32495389112\">+32 (0)495 389 112<\/a> ou par e-mail : <a href=\"mailto:info@creamodalogistics.be\">info@creamodalogistics.be<\/a>.<\/p>\n","protected":false},"excerpt":{"rendered":"<p>Creamoda Logistics a \u00e9t\u00e9 fond\u00e9e avec son partenaire Greenway Logistics et fait partie de l\u2019ensemble des avantages aux affili\u00e9s disponibles pour tous les membres de Creamoda. Creamoda Logistics offre des services logistiques et des accords logistiques avantageux aux membres de Creamoda. La coop\u00e9ration est la cl\u00e9 pour r\u00e9duire les co\u00fbts. Toutes les initiatives de Creamoda [&hellip;]<\/p>\n","protected":false},"author":4,"featured_media":0,"parent":0,"menu_order":0,"comment_status":"closed","ping_status":"closed","template":"","meta":[],"acf":[],"yoast_head":"<!-- This site is optimized with the Yoast SEO plugin v21.1 - https:\/\/yoast.com\/wordpress\/plugins\/seo\/ -->\n<title>QUI SOMMES-NOUS - Creamoda<\/title>\n<meta name=\"description\" content=\"Creamoda Logistics a \u00e9t\u00e9 fond\u00e9e avec son partenaire Greenway Logistics et fait partie de l\u2019ensemble des avantages aux affili\u00e9s disponibles pour tous les membres de Creamoda. Creamoda Logistics offre des services logistiques et des accords logistiques avantageux aux membres de Creamoda. La coop\u00e9ration est la cl\u00e9 pour r\u00e9duire les co\u00fbts. Toutes les initiatives de Creamoda Logistics visent \u00e0 \u00e9liminer les co\u00fbts de la cha\u00eene.\" \/>\n<meta name=\"robots\" content=\"index, follow, max-snippet:-1, max-image-preview:large, max-video-preview:-1\" \/>\n<link rel=\"canonical\" href=\"https:\/\/creamodalogistics.be\/fr\/qui-sommes-nous\/\" \/>\n<meta property=\"og:locale\" content=\"fr_FR\" \/>\n<meta property=\"og:type\" content=\"article\" \/>\n<meta property=\"og:title\" content=\"QUI SOMMES-NOUS - Creamoda\" \/>\n<meta property=\"og:description\" content=\"Creamoda Logistics a \u00e9t\u00e9 fond\u00e9e avec son partenaire Greenway Logistics et fait partie de l\u2019ensemble des avantages aux affili\u00e9s disponibles pour tous les membres de Creamoda. Creamoda Logistics offre des services logistiques et des accords logistiques avantageux aux membres de Creamoda. La coop\u00e9ration est la cl\u00e9 pour r\u00e9duire les co\u00fbts. Toutes les initiatives de Creamoda Logistics visent \u00e0 \u00e9liminer les co\u00fbts de la cha\u00eene.\" \/>\n<meta property=\"og:url\" content=\"https:\/\/creamodalogistics.be\/fr\/qui-sommes-nous\/\" \/>\n<meta property=\"og:site_name\" content=\"Creamoda\" \/>\n<meta property=\"article:modified_time\" content=\"2026-01-27T15:26:07+00:00\" \/>\n<meta name=\"twitter:card\" content=\"summary_large_image\" \/>\n<meta name=\"twitter:label1\" content=\"Dur\u00e9e de lecture estim\u00e9e\" \/>\n\t<meta name=\"twitter:data1\" content=\"3 minutes\" \/>\n<!-- \/ Yoast SEO plugin. -->","yoast_head_json":{"title":"QUI SOMMES-NOUS - Creamoda","description":"Creamoda Logistics a \u00e9t\u00e9 fond\u00e9e avec son partenaire Greenway Logistics et fait partie de l\u2019ensemble des avantages aux affili\u00e9s disponibles pour tous les membres de Creamoda. Creamoda Logistics offre des services logistiques et des accords logistiques avantageux aux membres de Creamoda. La coop\u00e9ration est la cl\u00e9 pour r\u00e9duire les co\u00fbts. Toutes les initiatives de Creamoda Logistics visent \u00e0 \u00e9liminer les co\u00fbts de la cha\u00eene.","robots":{"index":"index","follow":"follow","max-snippet":"max-snippet:-1","max-image-preview":"max-image-preview:large","max-video-preview":"max-video-preview:-1"},"canonical":"https:\/\/creamodalogistics.be\/fr\/qui-sommes-nous\/","og_locale":"fr_FR","og_type":"article","og_title":"QUI SOMMES-NOUS - Creamoda","og_description":"Creamoda Logistics a \u00e9t\u00e9 fond\u00e9e avec son partenaire Greenway Logistics et fait partie de l\u2019ensemble des avantages aux affili\u00e9s disponibles pour tous les membres de Creamoda. Creamoda Logistics offre des services logistiques et des accords logistiques avantageux aux membres de Creamoda. La coop\u00e9ration est la cl\u00e9 pour r\u00e9duire les co\u00fbts. Toutes les initiatives de Creamoda Logistics visent \u00e0 \u00e9liminer les co\u00fbts de la cha\u00eene.","og_url":"https:\/\/creamodalogistics.be\/fr\/qui-sommes-nous\/","og_site_name":"Creamoda","article_modified_time":"2026-01-27T15:26:07+00:00","twitter_card":"summary_large_image","twitter_misc":{"Dur\u00e9e de lecture estim\u00e9e":"3 minutes"},"schema":{"@context":"https:\/\/schema.org","@graph":[{"@type":"WebPage","@id":"https:\/\/creamodalogistics.be\/fr\/qui-sommes-nous\/","url":"https:\/\/creamodalogistics.be\/fr\/qui-sommes-nous\/","name":"QUI SOMMES-NOUS - Creamoda","isPartOf":{"@id":"https:\/\/creamodalogistics.be\/fr\/#website"},"datePublished":"2017-02-28T16:14:13+00:00","dateModified":"2026-01-27T15:26:07+00:00","description":"Creamoda Logistics a \u00e9t\u00e9 fond\u00e9e avec son partenaire Greenway Logistics et fait partie de l\u2019ensemble des avantages aux affili\u00e9s disponibles pour tous les membres de Creamoda. Creamoda Logistics offre des services logistiques et des accords logistiques avantageux aux membres de Creamoda. La coop\u00e9ration est la cl\u00e9 pour r\u00e9duire les co\u00fbts. Toutes les initiatives de Creamoda Logistics visent \u00e0 \u00e9liminer les co\u00fbts de la cha\u00eene.","breadcrumb":{"@id":"https:\/\/creamodalogistics.be\/fr\/qui-sommes-nous\/#breadcrumb"},"inLanguage":"fr-FR","potentialAction":[{"@type":"ReadAction","target":["https:\/\/creamodalogistics.be\/fr\/qui-sommes-nous\/"]}]},{"@type":"BreadcrumbList","@id":"https:\/\/creamodalogistics.be\/fr\/qui-sommes-nous\/#breadcrumb","itemListElement":[{"@type":"ListItem","position":1,"name":"Home","item":"https:\/\/creamodalogistics.be\/fr\/"},{"@type":"ListItem","position":2,"name":"QUI SOMMES-NOUS"}]},{"@type":"WebSite","@id":"https:\/\/creamodalogistics.be\/fr\/#website","url":"https:\/\/creamodalogistics.be\/fr\/","name":"Creamoda","description":"","potentialAction":[{"@type":"SearchAction","target":{"@type":"EntryPoint","urlTemplate":"https:\/\/creamodalogistics.be\/fr\/?s={search_term_string}"},"query-input":"required name=search_term_string"}],"inLanguage":"fr-FR"}]}},"_links":{"self":[{"href":"https:\/\/creamodalogistics.be\/fr\/wp-json\/wp\/v2\/pages\/1317"}],"collection":[{"href":"https:\/\/creamodalogistics.be\/fr\/wp-json\/wp\/v2\/pages"}],"about":[{"href":"https:\/\/creamodalogistics.be\/fr\/wp-json\/wp\/v2\/types\/page"}],"author":[{"embeddable":true,"href":"https:\/\/creamodalogistics.be\/fr\/wp-json\/wp\/v2\/users\/4"}],"replies":[{"embeddable":true,"href":"https:\/\/creamodalogistics.be\/fr\/wp-json\/wp\/v2\/comments?post=1317"}],"version-history":[{"count":7,"href":"https:\/\/creamodalogistics.be\/fr\/wp-json\/wp\/v2\/pages\/1317\/revisions"}],"predecessor-version":[{"id":1926,"href":"https:\/\/creamodalogistics.be\/fr\/wp-json\/wp\/v2\/pages\/1317\/revisions\/1926"}],"wp:attachment":[{"href":"https:\/\/creamodalogistics.be\/fr\/wp-json\/wp\/v2\/media?parent=1317"}],"curies":[{"name":"wp","href":"https:\/\/api.w.org\/{rel}","templated":true}]}}