{"id":1345,"date":"2020-02-04T17:35:15","date_gmt":"2020-02-04T16:35:15","guid":{"rendered":"http:\/\/creamodalogistics.be\/?page_id=1345"},"modified":"2022-09-30T12:11:23","modified_gmt":"2022-09-30T10:11:23","slug":"gratis-logistieke-scan","status":"publish","type":"page","link":"https:\/\/creamodalogistics.be\/fr\/gratis-logistieke-scan\/","title":{"rendered":"Gratis logistieke scan"},"content":{"rendered":"<p>Creamoda vous offre un scan logistique gratuit. Entrez vos coordonn\u00e9es ci-dessous et nous vous rappellerons pour prendre rendez-vous.<\/p>\n\n<div class=\"wpcf7 no-js\" id=\"wpcf7-f1353-o1\" lang=\"fr-FR\" dir=\"ltr\">\n<div class=\"screen-reader-response\"><p role=\"status\" aria-live=\"polite\" aria-atomic=\"true\"><\/p> <ul><\/ul><\/div>\n<form action=\"\/fr\/wp-json\/wp\/v2\/pages\/1345#wpcf7-f1353-o1\" method=\"post\" class=\"wpcf7-form init\" aria-label=\"Formulaire de contact\" novalidate=\"novalidate\" data-status=\"init\">\n<div style=\"display: none;\">\n<input type=\"hidden\" name=\"_wpcf7\" value=\"1353\" \/>\n<input type=\"hidden\" name=\"_wpcf7_version\" value=\"5.7.7\" \/>\n<input type=\"hidden\" name=\"_wpcf7_locale\" value=\"fr_FR\" \/>\n<input type=\"hidden\" name=\"_wpcf7_unit_tag\" value=\"wpcf7-f1353-o1\" \/>\n<input type=\"hidden\" name=\"_wpcf7_container_post\" value=\"0\" \/>\n<input type=\"hidden\" name=\"_wpcf7_posted_data_hash\" value=\"\" \/>\n<input type=\"hidden\" name=\"_wpcf7dtx_version\" value=\"5.0.5\" \/>\n<input type=\"hidden\" name=\"_wpcf7_recaptcha_response\" value=\"\" \/>\n<\/div>\n<p><span class=\"wpcf7-form-control-wrap\" data-name=\"naam\"><input size=\"40\" class=\"wpcf7-form-control wpcf7-text wpcf7-validates-as-required form-control\" id=\"exampleInputEmail1\" aria-required=\"true\" aria-invalid=\"false\" placeholder=\"Nom\" value=\"\" type=\"text\" name=\"naam\" \/><\/span><br \/>\n<span class=\"wpcf7-form-control-wrap\" data-name=\"bedrijfsnaam\"><input size=\"40\" class=\"wpcf7-form-control wpcf7-text wpcf7-validates-as-required form-control\" aria-required=\"true\" aria-invalid=\"false\" placeholder=\"Nom de l&#039;entreprise\" value=\"\" type=\"text\" name=\"bedrijfsnaam\" \/><\/span><br \/>\n<span class=\"wpcf7-form-control-wrap\" data-name=\"email\"><input size=\"40\" class=\"wpcf7-form-control wpcf7-text wpcf7-validates-as-required form-control\" aria-required=\"true\" aria-invalid=\"false\" placeholder=\"E-mail\" value=\"\" type=\"text\" name=\"email\" \/><\/span><br \/>\n<span class=\"wpcf7-form-control-wrap\" data-name=\"tel\"><input size=\"40\" class=\"wpcf7-form-control wpcf7-text wpcf7-tel wpcf7-validates-as-required wpcf7-validates-as-tel form-control\" id=\"exampleInputEmail1\" aria-required=\"true\" aria-invalid=\"false\" placeholder=\"Num\u00e9ro de t\u00e9l\u00e9phone\" value=\"\" type=\"tel\" name=\"tel\" \/><\/span><br \/>\n<span class=\"wpcf7-form-control-wrap\" data-name=\"acceptance-272\"><span class=\"wpcf7-form-control wpcf7-acceptance\"><span class=\"wpcf7-list-item\"><label><input type=\"checkbox\" name=\"acceptance-272\" value=\"1\" aria-invalid=\"false\" \/><span class=\"wpcf7-list-item-label\">Oui, je suis d'accord avec la <a href=\"\/wp-content\/uploads\/2022\/09\/Privacy-Statement-Creamoda-Logistics-2022.pdf\" target=\"_blank\">d\u00e9claration de confidentialit\u00e9<\/a>.<\/span><\/label><\/span><\/span><\/span>\n<\/p>\n<p><input class=\"wpcf7-form-control has-spinner wpcf7-submit btn\" type=\"submit\" value=\"rappelle-moi\" \/>\n<\/p><p style=\"display: none !important;\" class=\"akismet-fields-container\" data-prefix=\"_wpcf7_ak_\"><label>&#916;<textarea name=\"_wpcf7_ak_hp_textarea\" cols=\"45\" rows=\"8\" maxlength=\"100\"><\/textarea><\/label><input type=\"hidden\" id=\"ak_js_1\" name=\"_wpcf7_ak_js\" value=\"160\"\/><script>document.getElementById( \"ak_js_1\" ).setAttribute( \"value\", ( new Date() ).getTime() );<\/script><\/p><div class=\"wpcf7-response-output\" aria-hidden=\"true\"><\/div>\n<\/form>\n<\/div>\n\n","protected":false},"excerpt":{"rendered":"<p>Creamoda vous offre un scan logistique gratuit. Entrez vos coordonn\u00e9es ci-dessous et nous vous rappellerons pour prendre rendez-vous.<\/p>\n","protected":false},"author":1,"featured_media":0,"parent":0,"menu_order":0,"comment_status":"closed","ping_status":"closed","template":"","meta":[],"acf":[],"yoast_head":"<!-- This site is optimized with the Yoast SEO plugin v21.1 - https:\/\/yoast.com\/wordpress\/plugins\/seo\/ -->\n<title>Gratis logistieke scan - Creamoda<\/title>\n<meta name=\"robots\" content=\"index, follow, max-snippet:-1, max-image-preview:large, max-video-preview:-1\" \/>\n<link rel=\"canonical\" href=\"https:\/\/creamodalogistics.be\/fr\/gratis-logistieke-scan\/\" \/>\n<meta property=\"og:locale\" content=\"fr_FR\" \/>\n<meta property=\"og:type\" content=\"article\" \/>\n<meta property=\"og:title\" content=\"Gratis logistieke scan - Creamoda\" \/>\n<meta property=\"og:description\" content=\"Creamoda vous offre un scan logistique gratuit. Entrez vos coordonn\u00e9es ci-dessous et nous vous rappellerons pour prendre rendez-vous.\" \/>\n<meta property=\"og:url\" content=\"https:\/\/creamodalogistics.be\/fr\/gratis-logistieke-scan\/\" \/>\n<meta property=\"og:site_name\" content=\"Creamoda\" \/>\n<meta property=\"article:modified_time\" content=\"2022-09-30T10:11:23+00:00\" \/>\n<meta name=\"twitter:card\" content=\"summary_large_image\" \/>\n<!-- \/ Yoast SEO plugin. -->","yoast_head_json":{"title":"Gratis logistieke scan - Creamoda","robots":{"index":"index","follow":"follow","max-snippet":"max-snippet:-1","max-image-preview":"max-image-preview:large","max-video-preview":"max-video-preview:-1"},"canonical":"https:\/\/creamodalogistics.be\/fr\/gratis-logistieke-scan\/","og_locale":"fr_FR","og_type":"article","og_title":"Gratis logistieke scan - Creamoda","og_description":"Creamoda vous offre un scan logistique gratuit. Entrez vos coordonn\u00e9es ci-dessous et nous vous rappellerons pour prendre rendez-vous.","og_url":"https:\/\/creamodalogistics.be\/fr\/gratis-logistieke-scan\/","og_site_name":"Creamoda","article_modified_time":"2022-09-30T10:11:23+00:00","twitter_card":"summary_large_image","schema":{"@context":"https:\/\/schema.org","@graph":[{"@type":"WebPage","@id":"https:\/\/creamodalogistics.be\/fr\/gratis-logistieke-scan\/","url":"https:\/\/creamodalogistics.be\/fr\/gratis-logistieke-scan\/","name":"Gratis logistieke scan - Creamoda","isPartOf":{"@id":"https:\/\/creamodalogistics.be\/fr\/#website"},"datePublished":"2020-02-04T16:35:15+00:00","dateModified":"2022-09-30T10:11:23+00:00","breadcrumb":{"@id":"https:\/\/creamodalogistics.be\/fr\/gratis-logistieke-scan\/#breadcrumb"},"inLanguage":"fr-FR","potentialAction":[{"@type":"ReadAction","target":["https:\/\/creamodalogistics.be\/fr\/gratis-logistieke-scan\/"]}]},{"@type":"BreadcrumbList","@id":"https:\/\/creamodalogistics.be\/fr\/gratis-logistieke-scan\/#breadcrumb","itemListElement":[{"@type":"ListItem","position":1,"name":"Home","item":"https:\/\/creamodalogistics.be\/fr\/"},{"@type":"ListItem","position":2,"name":"Gratis logistieke scan"}]},{"@type":"WebSite","@id":"https:\/\/creamodalogistics.be\/fr\/#website","url":"https:\/\/creamodalogistics.be\/fr\/","name":"Creamoda","description":"","potentialAction":[{"@type":"SearchAction","target":{"@type":"EntryPoint","urlTemplate":"https:\/\/creamodalogistics.be\/fr\/?s={search_term_string}"},"query-input":"required name=search_term_string"}],"inLanguage":"fr-FR"}]}},"_links":{"self":[{"href":"https:\/\/creamodalogistics.be\/fr\/wp-json\/wp\/v2\/pages\/1345"}],"collection":[{"href":"https:\/\/creamodalogistics.be\/fr\/wp-json\/wp\/v2\/pages"}],"about":[{"href":"https:\/\/creamodalogistics.be\/fr\/wp-json\/wp\/v2\/types\/page"}],"author":[{"embeddable":true,"href":"https:\/\/creamodalogistics.be\/fr\/wp-json\/wp\/v2\/users\/1"}],"replies":[{"embeddable":true,"href":"https:\/\/creamodalogistics.be\/fr\/wp-json\/wp\/v2\/comments?post=1345"}],"version-history":[{"count":6,"href":"https:\/\/creamodalogistics.be\/fr\/wp-json\/wp\/v2\/pages\/1345\/revisions"}],"predecessor-version":[{"id":1354,"href":"https:\/\/creamodalogistics.be\/fr\/wp-json\/wp\/v2\/pages\/1345\/revisions\/1354"}],"wp:attachment":[{"href":"https:\/\/creamodalogistics.be\/fr\/wp-json\/wp\/v2\/media?parent=1345"}],"curies":[{"name":"wp","href":"https:\/\/api.w.org\/{rel}","templated":true}]}}